{"id":18,"date":"2022-11-17T07:58:48","date_gmt":"2022-11-17T07:58:48","guid":{"rendered":"https:\/\/accountdeletion.milchmacher.com\/?page_id=18"},"modified":"2022-11-23T08:49:06","modified_gmt":"2022-11-23T08:49:06","slug":"home","status":"publish","type":"page","link":"https:\/\/accountdeletion.milchmacher.com\/","title":{"rendered":"Home"},"content":{"rendered":"<h2>Sie wollen Ihr Konto in der #milchmacher App l\u00f6schen?<\/h2>\n<p>Bitte geben Sie im Formular Ihre Daten ein. Ein Mitarbeiter wird sich dann um die L\u00f6schung k\u00fcmmern. Die Bearbeitung kann 1-2 Werktage in Anspruch nehmen.<\/p>\n<div class=\"wpforms-container wpforms-container-full\" id=\"wpforms-12\"><form id=\"wpforms-form-12\" class=\"wpforms-validate wpforms-form wpforms-ajax-form\" data-formid=\"12\" method=\"post\" enctype=\"multipart\/form-data\" action=\"\/index.php\/wp-json\/wp\/v2\/pages\/18\" data-token=\"bb13504471d0068b31e09ae51e40b8f7\" data-token-time=\"1777492321\"><noscript class=\"wpforms-error-noscript\">Bitte aktiviere JavaScript in deinem Browser, um dieses Formular fertigzustellen.<\/noscript><div class=\"wpforms-field-container\"><div id=\"wpforms-12-field_0-container\" class=\"wpforms-field wpforms-field-name\" data-field-id=\"0\"><label class=\"wpforms-field-label\">Name <span class=\"wpforms-required-label\">*<\/span><\/label><div class=\"wpforms-field-row wpforms-field-medium\"><div class=\"wpforms-field-row-block wpforms-first wpforms-one-half\"><input type=\"text\" id=\"wpforms-12-field_0\" class=\"wpforms-field-name-first wpforms-field-required\" name=\"wpforms[fields][0][first]\" required><label for=\"wpforms-12-field_0\" class=\"wpforms-field-sublabel after\">Vorname<\/label><\/div><div class=\"wpforms-field-row-block wpforms-one-half\"><input type=\"text\" id=\"wpforms-12-field_0-last\" class=\"wpforms-field-name-last wpforms-field-required\" name=\"wpforms[fields][0][last]\" required><label for=\"wpforms-12-field_0-last\" class=\"wpforms-field-sublabel after\">Nachname<\/label><\/div><\/div><\/div><div id=\"wpforms-12-field_1-container\" class=\"wpforms-field wpforms-field-email\" data-field-id=\"1\"><label class=\"wpforms-field-label\" for=\"wpforms-12-field_1\">E-Mail <span class=\"wpforms-required-label\">*<\/span><\/label><input type=\"email\" id=\"wpforms-12-field_1\" class=\"wpforms-field-medium wpforms-field-required\" name=\"wpforms[fields][1]\" spellcheck=\"false\" required><\/div><div id=\"wpforms-12-field_2-container\" class=\"wpforms-field wpforms-field-textarea\" data-field-id=\"2\"><label class=\"wpforms-field-label\" for=\"wpforms-12-field_2\">Kommentar oder Nachricht<\/label><textarea id=\"wpforms-12-field_2\" class=\"wpforms-field-medium\" name=\"wpforms[fields][2]\" ><\/textarea><\/div><div id=\"wpforms-12-field_3-container\" class=\"wpforms-field wpforms-field-checkbox\" data-field-id=\"3\"><label class=\"wpforms-field-label\">Checkboxen <span class=\"wpforms-required-label\">*<\/span><\/label><ul id=\"wpforms-12-field_3\" class=\"wpforms-field-required\"><li class=\"choice-1 depth-1\"><input type=\"checkbox\" id=\"wpforms-12-field_3_1\" name=\"wpforms[fields][3][]\" value=\"Hiermit best\u00e4tige ich, dass ich der Inhaber dieses Nutzerkontos bin.\" required ><label class=\"wpforms-field-label-inline\" for=\"wpforms-12-field_3_1\">Hiermit best\u00e4tige ich, dass ich der Inhaber dieses Nutzerkontos bin.<\/label><\/li><li class=\"choice-4 depth-1\"><input type=\"checkbox\" id=\"wpforms-12-field_3_4\" name=\"wpforms[fields][3][]\" value=\"Hiermit best\u00e4tige ich, dass mein Account gel\u00f6scht wird und ich keinen Zugriff mehr auf personalisierte Inhalte, wie Abos und Merklisten habe.\" required ><label class=\"wpforms-field-label-inline\" for=\"wpforms-12-field_3_4\">Hiermit best\u00e4tige ich, dass mein Account gel\u00f6scht wird und ich keinen Zugriff mehr auf personalisierte Inhalte, wie Abos und Merklisten habe.<\/label><\/li><\/ul><div class=\"wpforms-field-description\">Der Account wird erst nach einer Pr\u00fcfung gel\u00f6scht, ob es sich um ein legitimes Anliegen des Accountinhabers handelt.<\/div><\/div><\/div><!-- .wpforms-field-container --><div class=\"wpforms-submit-container\" ><input type=\"hidden\" name=\"wpforms[id]\" value=\"12\"><input type=\"hidden\" name=\"page_title\" value=\"\"><input type=\"hidden\" name=\"page_url\" value=\"https:\/\/accountdeletion.milchmacher.com\/index.php\/wp-json\/wp\/v2\/pages\/18\"><input type=\"hidden\" name=\"url_referer\" value=\"\"><button type=\"submit\" name=\"wpforms[submit]\" id=\"wpforms-submit-12\" class=\"wpforms-submit\" data-alt-text=\"Sende Anfrage...\" data-submit-text=\"Anfrage absenden\" aria-live=\"assertive\" value=\"wpforms-submit\">Anfrage absenden<\/button><img decoding=\"async\" src=\"https:\/\/accountdeletion.milchmacher.com\/wp-content\/plugins\/wpforms-lite\/assets\/images\/submit-spin.svg\" class=\"wpforms-submit-spinner\" style=\"display: none;\" width=\"26\" height=\"26\" alt=\"Wird geladen\"><\/div><\/form><\/div>  <!-- .wpforms-container -->\n\n\n<script defer=\"\">\nconst params = new Proxy(new URLSearchParams(window.location.search), {\n  get: (searchParams, prop) => searchParams.get(prop),\n});\n\n\tlet e = document.getElementById(\"wpforms-12-field_0\"); \n\te && (e.value = params.firstname || '');\n\te = document.getElementById(\"wpforms-12-field_0-last\");\n\te && (e.value = params.lastname || '');\n\te = document.getElementById(\"wpforms-12-field_1\");\n\te && (e.value = params.email || '');\ne && params.email && (e.disabled = true);\n<\/script>\n","protected":false},"excerpt":{"rendered":"<p>Sie wollen Ihr Konto in der #milchmacher App l\u00f6schen? Bitte geben Sie im Formular Ihre Daten ein. Ein Mitarbeiter wird sich dann um die L\u00f6schung k\u00fcmmern. Die Bearbeitung kann 1-2 Werktage in Anspruch nehmen.<\/p>\n","protected":false},"author":2,"featured_media":0,"parent":0,"menu_order":0,"comment_status":"closed","ping_status":"closed","template":"","meta":{"footnotes":""},"class_list":["post-18","page","type-page","status-publish","hentry"],"_links":{"self":[{"href":"https:\/\/accountdeletion.milchmacher.com\/index.php\/wp-json\/wp\/v2\/pages\/18","targetHints":{"allow":["GET"]}}],"collection":[{"href":"https:\/\/accountdeletion.milchmacher.com\/index.php\/wp-json\/wp\/v2\/pages"}],"about":[{"href":"https:\/\/accountdeletion.milchmacher.com\/index.php\/wp-json\/wp\/v2\/types\/page"}],"author":[{"embeddable":true,"href":"https:\/\/accountdeletion.milchmacher.com\/index.php\/wp-json\/wp\/v2\/users\/2"}],"replies":[{"embeddable":true,"href":"https:\/\/accountdeletion.milchmacher.com\/index.php\/wp-json\/wp\/v2\/comments?post=18"}],"version-history":[{"count":17,"href":"https:\/\/accountdeletion.milchmacher.com\/index.php\/wp-json\/wp\/v2\/pages\/18\/revisions"}],"predecessor-version":[{"id":62,"href":"https:\/\/accountdeletion.milchmacher.com\/index.php\/wp-json\/wp\/v2\/pages\/18\/revisions\/62"}],"wp:attachment":[{"href":"https:\/\/accountdeletion.milchmacher.com\/index.php\/wp-json\/wp\/v2\/media?parent=18"}],"curies":[{"name":"wp","href":"https:\/\/api.w.org\/{rel}","templated":true}]}}